{"id":52,"date":"2017-03-30T22:05:06","date_gmt":"2017-03-30T22:05:06","guid":{"rendered":"https:\/\/www.brjanne.fi\/?page_id=52"},"modified":"2026-01-23T00:33:59","modified_gmt":"2026-01-22T22:33:59","slug":"about-me","status":"publish","type":"page","link":"https:\/\/www.brjanne.fi\/?page_id=52","title":{"rendered":"About me"},"content":{"rendered":"\t\t<div data-elementor-type=\"wp-post\" data-elementor-id=\"52\" class=\"elementor elementor-52\">\n\t\t\t\t\t\t<section class=\"elementor-section elementor-top-section elementor-element elementor-element-6926ux1 elementor-section-boxed elementor-section-height-default elementor-section-height-default\" data-id=\"6926ux1\" data-element_type=\"section\" data-e-type=\"section\">\n\t\t\t\t\t\t<div class=\"elementor-container elementor-column-gap-default\">\n\t\t\t\t\t<div class=\"elementor-column elementor-col-100 elementor-top-column elementor-element elementor-element-xlhj49f\" data-id=\"xlhj49f\" data-element_type=\"column\" data-e-type=\"column\">\n\t\t\t<div class=\"elementor-widget-wrap elementor-element-populated\">\n\t\t\t\t\t\t<div class=\"elementor-element elementor-element-df635d0 elementor-widget elementor-widget-heading\" data-id=\"df635d0\" data-element_type=\"widget\" data-e-type=\"widget\" data-widget_type=\"heading.default\">\n\t\t\t\t<div class=\"elementor-widget-container\">\n\t\t\t\t\t<h2 class=\"elementor-heading-title elementor-size-default\">Tietoa minusta \/ About me<\/h2>\t\t\t\t<\/div>\n\t\t\t\t<\/div>\n\t\t\t\t<div class=\"elementor-element elementor-element-ac0ab19 elementor-widget elementor-widget-text-editor\" data-id=\"ac0ab19\" data-element_type=\"widget\" data-e-type=\"widget\" data-settings=\"{&quot;_animation&quot;:&quot;none&quot;}\" data-widget_type=\"text-editor.default\">\n\t\t\t\t<div class=\"elementor-widget-container\">\n\t\t\t\t\t\t\t\t\t<p><span style=\"color: #ffffff;\">Olen kotoisin Hollolasta. Olen koulutukseltani tietojenk\u00e4sittelyn tradenomi (amk). Olen opiskellut my\u00f6s videotuotantotekniikkaa ja -ilmaisua sek\u00e4 studiovalokuvausta. Aloitin kuvaamisen jo lapsena 90-luvulla kun henkil\u00f6kohtaiseen k\u00e4ytt\u00f6\u00f6n suunnatut kamerat viel\u00e4 olivat k\u00f6mpel\u00f6it\u00e4 ja videontekoporukka koostui l\u00e4himmist\u00e4 yst\u00e4vist\u00e4. Parempien kameroiden my\u00f6t\u00e4 kuvaamisen mahdollisuudet laajenivat, mutta vasta vuonna 2009 innostuin vapaaehtoisty\u00f6n ja opiskelun kautta enemm\u00e4n kuvaamisesta ja leikkaamisesta.<\/span><\/p><p><span style=\"color: #ffffff;\">Kuvaan sivuty\u00f6n\u00e4 l\u00e4hinn\u00e4 h\u00e4it\u00e4 ja potretteja. Olen kuvannut esim. henkil\u00f6st\u00f6\u00e4, artisteja, poliitikkoja ja perheit\u00e4. Teen my\u00f6s videoita asiakkaiden tarpeiden mukaan.<\/span><\/p><p><span style=\"color: #ffffff;\">Olen ollut mukana monikameratuotannoissa l\u00e4hinn\u00e4 kuvaajana, mutta my\u00f6s muutaman kerran ohjaajana. Olen tehnyt my\u00f6s leikkausta, \u00e4\u00e4nityst\u00e4 ja valaisua sek\u00e4 mentorointia.<br \/><br \/>T\u00f6it\u00e4ni on k\u00e4ytetty kalentereissa, lehdiss\u00e4, somessa, kuvapankeissa, TV7:ll\u00e4 ja Alfa-TV:ll\u00e4.<\/span><\/p><p><span style=\"color: #ffffff;\">Olen matkustanut 15 maassa ja tehnyt paljon vapaaehtoisty\u00f6t\u00e4 varsinkin maahanmuuttajien parissa.<\/span><\/p><p><span style=\"color: #ff0000;\"><strong>IN ENGLISH:<\/strong><\/span><\/p><p><span style=\"color: #ffffff;\">I&#8217;m from Hollola, southern Finland. I&#8217;m a Bachelor of Business Administration and Information Technology. I&#8217;ve also studied video production technique and expression and studio photography. I started photography and filming as a child in the &#8217;90s when personal cameras were still clumsy and video making group consisted of closest friends. Along better cameras, the possibilities of shooting expanded but not until 2009 did I get more excited about shooting and editing through voluntary work and studies.<\/span><\/p><p><span style=\"color: #ffffff;\">As a second job, I shoot mainly weddings and portraits. I&#8217;ve taken pictures for companies, artists, politicians and families. I also do videos according to clients&#8217; needs.<\/span><\/p><p><span style=\"color: #ffffff;\">I&#8217;ve been part of multi-camera productions mainly as a cinematographer but also a few times as a director. I&#8217;ve also done editing, sound recording and lighting as well as mentoring.<br \/><br \/>My works have been on display in calendars, magazines, social media, mediabanks, TV7 and Alfa-TV.<\/span><\/p><p><span style=\"color: #ffffff;\">I&#8217;ve traveled in 15 countries and done years of volunteering especially among immigrants.<\/span><\/p>\t\t\t\t\t\t\t\t<\/div>\n\t\t\t\t<\/div>\n\t\t\t\t\t<\/div>\n\t\t<\/div>\n\t\t\t\t\t<\/div>\n\t\t<\/section>\n\t\t\t\t<\/div>\n\t\t","protected":false},"excerpt":{"rendered":"<p>Tietoa minusta \/ About me Olen kotoisin Hollolasta. Olen koulutukseltani tietojenk\u00e4sittelyn tradenomi (amk). Olen opiskellut my\u00f6s videotuotantotekniikkaa ja -ilmaisua sek\u00e4 studiovalokuvausta. Aloitin [&hellip;]<\/p>\n","protected":false},"author":1,"featured_media":0,"parent":0,"menu_order":0,"comment_status":"closed","ping_status":"closed","template":"","meta":{"footnotes":""},"class_list":["post-52","page","type-page","status-publish","hentry"],"jetpack_sharing_enabled":true,"_links":{"self":[{"href":"https:\/\/www.brjanne.fi\/index.php?rest_route=\/wp\/v2\/pages\/52","targetHints":{"allow":["GET"]}}],"collection":[{"href":"https:\/\/www.brjanne.fi\/index.php?rest_route=\/wp\/v2\/pages"}],"about":[{"href":"https:\/\/www.brjanne.fi\/index.php?rest_route=\/wp\/v2\/types\/page"}],"author":[{"embeddable":true,"href":"https:\/\/www.brjanne.fi\/index.php?rest_route=\/wp\/v2\/users\/1"}],"replies":[{"embeddable":true,"href":"https:\/\/www.brjanne.fi\/index.php?rest_route=%2Fwp%2Fv2%2Fcomments&post=52"}],"version-history":[{"count":28,"href":"https:\/\/www.brjanne.fi\/index.php?rest_route=\/wp\/v2\/pages\/52\/revisions"}],"predecessor-version":[{"id":1068,"href":"https:\/\/www.brjanne.fi\/index.php?rest_route=\/wp\/v2\/pages\/52\/revisions\/1068"}],"wp:attachment":[{"href":"https:\/\/www.brjanne.fi\/index.php?rest_route=%2Fwp%2Fv2%2Fmedia&parent=52"}],"curies":[{"name":"wp","href":"https:\/\/api.w.org\/{rel}","templated":true}]}}